{"id":29,"date":"2023-05-11T10:58:49","date_gmt":"2023-05-11T09:58:49","guid":{"rendered":"https:\/\/lavenderblush-opossum-530322.hostingersite.com\/?page_id=29"},"modified":"2023-10-21T18:23:29","modified_gmt":"2023-10-21T17:23:29","slug":"acasa","status":"publish","type":"page","link":"https:\/\/contract.md\/","title":{"rendered":"Acas\u0103"},"content":{"rendered":"\t\t<div data-elementor-type=\"wp-page\" data-elementor-id=\"29\" class=\"elementor elementor-29\">\n\t\t\t\t\t\t<section class=\"elementor-section elementor-top-section elementor-element elementor-element-639fc71f elementor-section-full_width elementor-section-height-min-height elementor-section-items-top elementor-section-content-middle elementor-section-height-default\" data-id=\"639fc71f\" data-element_type=\"section\" data-e-type=\"section\" data-settings=\"{&quot;background_background&quot;:&quot;classic&quot;,&quot;background_motion_fx_motion_fx_scrolling&quot;:&quot;yes&quot;,&quot;background_motion_fx_opacity_effect&quot;:&quot;yes&quot;,&quot;background_motion_fx_opacity_range&quot;:{&quot;unit&quot;:&quot;%&quot;,&quot;size&quot;:&quot;&quot;,&quot;sizes&quot;:{&quot;start&quot;:&quot;93&quot;,&quot;end&quot;:&quot;100&quot;}},&quot;background_motion_fx_devices&quot;:[&quot;mobile&quot;],&quot;background_motion_fx_opacity_direction&quot;:&quot;out-in&quot;,&quot;background_motion_fx_opacity_level&quot;:{&quot;unit&quot;:&quot;px&quot;,&quot;size&quot;:10,&quot;sizes&quot;:[]}}\">\n\t\t\t\t\t\t<div class=\"elementor-container elementor-column-gap-no\">\n\t\t\t\t\t<div class=\"elementor-column elementor-col-100 elementor-top-column elementor-element elementor-element-9d9c31c\" data-id=\"9d9c31c\" data-element_type=\"column\" data-e-type=\"column\">\n\t\t\t<div class=\"elementor-widget-wrap elementor-element-populated\">\n\t\t\t\t\t\t<section class=\"elementor-section elementor-inner-section elementor-element elementor-element-7de80b62 elementor-section-height-min-height elementor-section-content-middle elementor-reverse-tablet elementor-reverse-mobile elementor-section-boxed elementor-section-height-default\" data-id=\"7de80b62\" data-element_type=\"section\" data-e-type=\"section\" data-settings=\"{&quot;background_background&quot;:&quot;classic&quot;}\">\n\t\t\t\t\t\t<div class=\"elementor-container elementor-column-gap-no\">\n\t\t\t\t\t<div class=\"elementor-column elementor-col-50 elementor-inner-column elementor-element elementor-element-4daa2d2e\" data-id=\"4daa2d2e\" data-element_type=\"column\" data-e-type=\"column\" data-settings=\"{&quot;background_background&quot;:&quot;classic&quot;}\">\n\t\t\t<div class=\"elementor-widget-wrap elementor-element-populated\">\n\t\t\t\t\t\t<div class=\"elementor-element elementor-element-381ae111 animated-fast elementor-invisible elementor-widget elementor-widget-heading\" data-id=\"381ae111\" data-element_type=\"widget\" data-e-type=\"widget\" data-settings=\"{&quot;_animation&quot;:&quot;fadeIn&quot;,&quot;_animation_tablet&quot;:&quot;none&quot;}\" data-widget_type=\"heading.default\">\n\t\t\t\t<div class=\"elementor-widget-container\">\n\t\t\t\t\t<h1 class=\"elementor-heading-title elementor-size-default\">Autentifica\u021bi contractul la notar<\/h1>\t\t\t\t<\/div>\n\t\t\t\t<\/div>\n\t\t\t\t<div class=\"elementor-element elementor-element-233919e5 elementor-invisible elementor-widget elementor-widget-text-editor\" data-id=\"233919e5\" data-element_type=\"widget\" data-e-type=\"widget\" data-settings=\"{&quot;_animation&quot;:&quot;fadeIn&quot;,&quot;_animation_tablet&quot;:&quot;none&quot;,&quot;_animation_delay&quot;:&quot;200&quot;}\" data-widget_type=\"text-editor.default\">\n\t\t\t\t<div class=\"elementor-widget-container\">\n\t\t\t\t\t\t\t\t\t<p>La biroul notarial Cristina Nicolaescu, ne specializ\u0103m \u00een redactarea \u0219i autentificarea contractelor \u00een Chi\u0219in\u0103u. Oferind un serviciu profesionist \u0219i meticulos, suntem aici pentru a v\u0103 asista \u00een fiecare etap\u0103 a procesului de elaborare \u0219i validare notarial\u0103 a contractului.<\/p><p>Afla\u021bi mai multe despre serviciile noastre de contractare, tarifele asociate \u0219i alte detalii cruciale. Contacta\u021bi-ne pentru o programare ast\u0103zi.<\/p>\t\t\t\t\t\t\t\t<\/div>\n\t\t\t\t<\/div>\n\t\t\t\t<div class=\"elementor-element elementor-element-15420f72 animated-slow elementor-mobile-align-center elementor-hidden-mobile elementor-invisible elementor-widget elementor-widget-button\" data-id=\"15420f72\" data-element_type=\"widget\" data-e-type=\"widget\" data-settings=\"{&quot;_animation&quot;:&quot;fadeIn&quot;,&quot;_animation_tablet&quot;:&quot;none&quot;,&quot;_animation_delay&quot;:&quot;400&quot;}\" data-widget_type=\"button.default\">\n\t\t\t\t<div class=\"elementor-widget-container\">\n\t\t\t\t\t\t\t\t\t<div class=\"elementor-button-wrapper\">\n\t\t\t\t\t<a class=\"elementor-button elementor-button-link elementor-size-sm\" href=\"tel:+37360044200\">\n\t\t\t\t\t\t<span class=\"elementor-button-content-wrapper\">\n\t\t\t\t\t\t<span class=\"elementor-button-icon\">\n\t\t\t\t<svg aria-hidden=\"true\" class=\"e-font-icon-svg e-fas-phone-alt\" viewBox=\"0 0 512 512\" xmlns=\"http:\/\/www.w3.org\/2000\/svg\"><path d=\"M497.39 361.8l-112-48a24 24 0 0 0-28 6.9l-49.6 60.6A370.66 370.66 0 0 1 130.6 204.11l60.6-49.6a23.94 23.94 0 0 0 6.9-28l-48-112A24.16 24.16 0 0 0 122.6.61l-104 24A24 24 0 0 0 0 48c0 256.5 207.9 464 464 464a24 24 0 0 0 23.4-18.6l24-104a24.29 24.29 0 0 0-14.01-27.6z\"><\/path><\/svg>\t\t\t<\/span>\n\t\t\t\t\t\t\t\t\t<span class=\"elementor-button-text\">060044200<\/span>\n\t\t\t\t\t<\/span>\n\t\t\t\t\t<\/a>\n\t\t\t\t<\/div>\n\t\t\t\t\t\t\t\t<\/div>\n\t\t\t\t<\/div>\n\t\t\t\t<div class=\"elementor-element elementor-element-110ea7e animated-slow elementor-mobile-align-center elementor-hidden-desktop elementor-hidden-tablet elementor-invisible elementor-widget elementor-widget-button\" data-id=\"110ea7e\" data-element_type=\"widget\" data-e-type=\"widget\" data-settings=\"{&quot;_animation&quot;:&quot;fadeIn&quot;,&quot;_animation_tablet&quot;:&quot;none&quot;,&quot;_animation_delay&quot;:&quot;400&quot;}\" data-widget_type=\"button.default\">\n\t\t\t\t<div class=\"elementor-widget-container\">\n\t\t\t\t\t\t\t\t\t<div class=\"elementor-button-wrapper\">\n\t\t\t\t\t<a class=\"elementor-button elementor-button-link elementor-size-sm\" href=\"tel:+37360044200\">\n\t\t\t\t\t\t<span class=\"elementor-button-content-wrapper\">\n\t\t\t\t\t\t\t\t\t<span class=\"elementor-button-text\">Programare la notar: +37360044200<\/span>\n\t\t\t\t\t<\/span>\n\t\t\t\t\t<\/a>\n\t\t\t\t<\/div>\n\t\t\t\t\t\t\t\t<\/div>\n\t\t\t\t<\/div>\n\t\t\t\t\t<\/div>\n\t\t<\/div>\n\t\t\t\t<div class=\"elementor-column elementor-col-50 elementor-inner-column elementor-element elementor-element-41684c86\" data-id=\"41684c86\" data-element_type=\"column\" data-e-type=\"column\" data-settings=\"{&quot;background_background&quot;:&quot;classic&quot;}\">\n\t\t\t<div class=\"elementor-widget-wrap elementor-element-populated\">\n\t\t\t\t\t\t<div class=\"elementor-element elementor-element-1170844c elementor-widget elementor-widget-image\" data-id=\"1170844c\" data-element_type=\"widget\" data-e-type=\"widget\" data-widget_type=\"image.default\">\n\t\t\t\t<div class=\"elementor-widget-container\">\n\t\t\t\t\t\t\t\t\t\t\t\t\t\t\t<img fetchpriority=\"high\" decoding=\"async\" width=\"800\" height=\"534\" src=\"https:\/\/contract.md\/wp-content\/uploads\/2023\/05\/316374313_3018105884999798_7367956954068850369_n-1024x683.jpg\" class=\"attachment-large size-large wp-image-93\" alt=\"\" srcset=\"https:\/\/contract.md\/wp-content\/uploads\/2023\/05\/316374313_3018105884999798_7367956954068850369_n-1024x683.jpg 1024w, https:\/\/contract.md\/wp-content\/uploads\/2023\/05\/316374313_3018105884999798_7367956954068850369_n-300x200.jpg 300w, https:\/\/contract.md\/wp-content\/uploads\/2023\/05\/316374313_3018105884999798_7367956954068850369_n-768x512.jpg 768w, https:\/\/contract.md\/wp-content\/uploads\/2023\/05\/316374313_3018105884999798_7367956954068850369_n-1536x1024.jpg 1536w, https:\/\/contract.md\/wp-content\/uploads\/2023\/05\/316374313_3018105884999798_7367956954068850369_n-2048x1366.jpg 2048w\" sizes=\"(max-width: 800px) 100vw, 800px\" \/>\t\t\t\t\t\t\t\t\t\t\t\t\t\t\t<\/div>\n\t\t\t\t<\/div>\n\t\t\t\t<div class=\"elementor-element elementor-element-6da05c2d elementor-widget__width-auto elementor-absolute elementor-widget elementor-widget-button\" data-id=\"6da05c2d\" data-element_type=\"widget\" data-e-type=\"widget\" data-settings=\"{&quot;_position&quot;:&quot;absolute&quot;,&quot;motion_fx_motion_fx_scrolling&quot;:&quot;yes&quot;,&quot;motion_fx_translateY_effect&quot;:&quot;yes&quot;,&quot;motion_fx_translateY_direction&quot;:&quot;negative&quot;,&quot;motion_fx_translateY_speed&quot;:{&quot;unit&quot;:&quot;px&quot;,&quot;size&quot;:&quot;0.5&quot;,&quot;sizes&quot;:[]},&quot;motion_fx_devices&quot;:[&quot;desktop&quot;],&quot;motion_fx_translateY_affectedRange&quot;:{&quot;unit&quot;:&quot;%&quot;,&quot;size&quot;:&quot;&quot;,&quot;sizes&quot;:{&quot;start&quot;:0,&quot;end&quot;:100}}}\" data-widget_type=\"button.default\">\n\t\t\t\t<div class=\"elementor-widget-container\">\n\t\t\t\t\t\t\t\t\t<div class=\"elementor-button-wrapper\">\n\t\t\t\t\t<a class=\"elementor-button elementor-button-link elementor-size-sm\" href=\"#explore\">\n\t\t\t\t\t\t<span class=\"elementor-button-content-wrapper\">\n\t\t\t\t\t\t<span class=\"elementor-button-icon\">\n\t\t\t\t<svg xmlns=\"http:\/\/www.w3.org\/2000\/svg\" id=\"fc8c2434-f650-4651-8f25-56fe5c06da48\" data-name=\"baba8a92-e407-4767-bdf4-7a658c043576\" width=\"18.2049\" height=\"30.0372\" viewBox=\"0 0 18.2049 30.0372\"><g id=\"e3598c70-fc03-4ddb-a022-727b682f2524\" data-name=\"bdb3c7f0-dc00-48aa-a43e-62fb04b452ee\"><g id=\"eab581a1-f81e-4813-b4f9-cebf2f8ca8e5\" data-name=\"e6b65992-aad3-4beb-8198-79fd24dfbb13\"><g id=\"a0a10079-6077-428b-97ab-b672b5d2ff02\" data-name=\"a90313b6-9133-46d6-9b21-1a898a42afce\"><g id=\"ae8d8644-47f8-40de-9464-287294111b47\" data-name=\"ed4149b7-9af0-4c83-bc9a-02ba2e7ebec3\"><path id=\"a16a2acc-e2b1-40c0-a760-40dc80f8b777\" data-name=\"eb4f656e-836b-42c7-9b20-9fd2de3f4055\" d=\"M9.7,29.8154l8.2-8.2a.8643.8643,0,0,0,.3-.6.7125.7125,0,0,0-.3-.6.9125.9125,0,0,0-1.2,0l-6.8,6.7V.8154h0a.7652.7652,0,0,0-.9-.8.7652.7652,0,0,0-.8.9v26.2l-6.8-6.8h0a.9125.9125,0,0,0-1.2,0,1.4214,1.4214,0,0,0-.2.6H0a.6047.6047,0,0,0,.3.6l8.2,8.3A.9125.9125,0,0,0,9.7,29.8154Z\" transform=\"translate(0.0047 -0.0032)\"><\/path><\/g><\/g><\/g><\/g><\/svg>\t\t\t<\/span>\n\t\t\t\t\t\t\t\t<\/span>\n\t\t\t\t\t<\/a>\n\t\t\t\t<\/div>\n\t\t\t\t\t\t\t\t<\/div>\n\t\t\t\t<\/div>\n\t\t\t\t\t<\/div>\n\t\t<\/div>\n\t\t\t\t\t<\/div>\n\t\t<\/section>\n\t\t\t\t\t<\/div>\n\t\t<\/div>\n\t\t\t\t\t<\/div>\n\t\t<\/section>\n\t\t\t\t<section class=\"elementor-section elementor-top-section elementor-element elementor-element-7d707e25 elementor-section-content-middle elementor-section-boxed elementor-section-height-default elementor-section-height-default\" data-id=\"7d707e25\" data-element_type=\"section\" data-e-type=\"section\" data-settings=\"{&quot;background_background&quot;:&quot;classic&quot;}\">\n\t\t\t\t\t\t<div class=\"elementor-container elementor-column-gap-no\">\n\t\t\t\t\t<div class=\"elementor-column elementor-col-100 elementor-top-column elementor-element elementor-element-10caeb1e\" data-id=\"10caeb1e\" data-element_type=\"column\" data-e-type=\"column\">\n\t\t\t<div class=\"elementor-widget-wrap elementor-element-populated\">\n\t\t\t\t\t\t<div class=\"elementor-element elementor-element-38d65823 elementor-invisible elementor-widget elementor-widget-heading\" data-id=\"38d65823\" data-element_type=\"widget\" data-e-type=\"widget\" data-settings=\"{&quot;_animation&quot;:&quot;fadeInUp&quot;,&quot;_animation_tablet&quot;:&quot;none&quot;,&quot;_animation_delay&quot;:&quot;200&quot;}\" data-widget_type=\"heading.default\">\n\t\t\t\t<div class=\"elementor-widget-container\">\n\t\t\t\t\t<h2 class=\"elementor-heading-title elementor-size-default\">Tot ce trebuie s\u0103 \u0219tii despre contractele la notar<\/h2>\t\t\t\t<\/div>\n\t\t\t\t<\/div>\n\t\t\t\t<div class=\"elementor-element elementor-element-617736c1 elementor-invisible elementor-widget elementor-widget-text-editor\" data-id=\"617736c1\" data-element_type=\"widget\" data-e-type=\"widget\" data-settings=\"{&quot;_animation&quot;:&quot;fadeInUp&quot;,&quot;_animation_tablet&quot;:&quot;none&quot;,&quot;_animation_delay&quot;:&quot;200&quot;}\" data-widget_type=\"text-editor.default\">\n\t\t\t\t<div class=\"elementor-widget-container\">\n\t\t\t\t\t\t\t\t\t<div class=\"group final-completion w-full text-token-text-primary border-b border-black\/10 gizmo:border-0 dark:border-gray-900\/50 gizmo:dark:border-0 bg-gray-50 gizmo:bg-transparent dark:bg-[#444654] gizmo:dark:bg-transparent\" data-testid=\"conversation-turn-5\"><div class=\"p-4 justify-center text-base md:gap-6 md:py-6 m-auto\"><div class=\"flex flex-1 gap-4 text-base mx-auto md:gap-6 gizmo:gap-3 gizmo:md:px-5 gizmo:lg:px-1 gizmo:xl:px-5 md:max-w-2xl lg:max-w-[38rem] gizmo:md:max-w-3xl gizmo:lg:max-w-[40rem] gizmo:xl:max-w-[48rem] xl:max-w-3xl }\"><div class=\"relative flex w-[calc(100%-50px)] flex-col gizmo:w-full lg:w-[calc(100%-115px)] agent-turn\"><div class=\"flex-col gap-1 md:gap-3\"><div class=\"flex flex-grow flex-col gap-3 max-w-full\"><div class=\"min-h-[20px] flex flex-col items-start gap-3 whitespace-pre-wrap break-words overflow-x-auto\"><div class=\"markdown prose w-full break-words dark:prose-invert light\"><p>Procedura de \u00eencheiere a contractelor explicat\u0103 \u00een detaliu: informa\u021bii esen\u021biale pentru a cunoa\u0219te toate nuan\u021bele relevante.<\/p><\/div><\/div><\/div><\/div><\/div><\/div><\/div><\/div>\t\t\t\t\t\t\t\t<\/div>\n\t\t\t\t<\/div>\n\t\t\t\t<div class=\"elementor-element elementor-element-713703bf elementor-grid-2 elementor-grid-tablet-1 elementor-posts--thumbnail-left elementor-grid-mobile-1 elementor-widget elementor-widget-posts\" data-id=\"713703bf\" data-element_type=\"widget\" data-e-type=\"widget\" data-settings=\"{&quot;classic_columns&quot;:&quot;2&quot;,&quot;classic_columns_tablet&quot;:&quot;1&quot;,&quot;classic_row_gap&quot;:{&quot;unit&quot;:&quot;px&quot;,&quot;size&quot;:&quot;50&quot;,&quot;sizes&quot;:[]},&quot;pagination_type&quot;:&quot;numbers&quot;,&quot;classic_columns_mobile&quot;:&quot;1&quot;,&quot;classic_row_gap_tablet&quot;:{&quot;unit&quot;:&quot;px&quot;,&quot;size&quot;:&quot;&quot;,&quot;sizes&quot;:[]},&quot;classic_row_gap_mobile&quot;:{&quot;unit&quot;:&quot;px&quot;,&quot;size&quot;:&quot;&quot;,&quot;sizes&quot;:[]}}\" data-widget_type=\"posts.classic\">\n\t\t\t\t<div class=\"elementor-widget-container\">\n\t\t\t\t\t\t\t<div class=\"elementor-posts-container elementor-posts elementor-posts--skin-classic elementor-grid\">\n\t\t\t\t<article class=\"elementor-post elementor-grid-item post-344 post type-post status-publish format-standard has-post-thumbnail hentry category-uncategorised\">\n\t\t\t\t<a class=\"elementor-post__thumbnail__link\" href=\"https:\/\/contract.md\/?p=344\" >\n\t\t\t<div class=\"elementor-post__thumbnail\"><img decoding=\"async\" width=\"724\" height=\"1024\" src=\"https:\/\/contract.md\/wp-content\/uploads\/2023\/05\/11-724x1024.png\" class=\"attachment-large size-large wp-image-193\" alt=\"\" srcset=\"https:\/\/contract.md\/wp-content\/uploads\/2023\/05\/11-724x1024.png 724w, https:\/\/contract.md\/wp-content\/uploads\/2023\/05\/11-212x300.png 212w, https:\/\/contract.md\/wp-content\/uploads\/2023\/05\/11-768x1086.png 768w, https:\/\/contract.md\/wp-content\/uploads\/2023\/05\/11-1086x1536.png 1086w, https:\/\/contract.md\/wp-content\/uploads\/2023\/05\/11.png 1414w\" sizes=\"(max-width: 724px) 100vw, 724px\" \/><\/div>\n\t\t<\/a>\n\t\t\t\t<div class=\"elementor-post__text\">\n\t\t\t\t<h3 class=\"elementor-post__title\">\n\t\t\t<a href=\"https:\/\/contract.md\/?p=344\" >\n\t\t\t\tAutentificarea contractului de v\u00e2nzare-cump\u0103rare a p\u0103r\u021bii sociale\t\t\t<\/a>\n\t\t<\/h3>\n\t\t\t\t<div class=\"elementor-post__excerpt\">\n\t\t\t<p>\u00cen procesul de v\u00e2nzare sau cump\u0103rare a unei p\u0103r\u021bi sociale \u00eentr-o companie, autentificarea contractului la notar este un pas esen\u021bial. <\/p>\n\t\t<\/div>\n\t\t\n\t\t<a class=\"elementor-post__read-more\" href=\"https:\/\/contract.md\/?p=344\" aria-label=\"Read more about Autentificarea contractului de v\u00e2nzare-cump\u0103rare a p\u0103r\u021bii sociale\" >\n\t\t\tCite\u0219te articolul\u00bb\t\t<\/a>\n\n\t\t\t\t<\/div>\n\t\t\t\t<\/article>\n\t\t\t\t<article class=\"elementor-post elementor-grid-item post-348 post type-post status-publish format-standard has-post-thumbnail hentry category-uncategorised\">\n\t\t\t\t<a class=\"elementor-post__thumbnail__link\" href=\"https:\/\/contract.md\/?p=348\" >\n\t\t\t<div class=\"elementor-post__thumbnail\"><img decoding=\"async\" width=\"724\" height=\"1024\" src=\"https:\/\/contract.md\/wp-content\/uploads\/2023\/06\/contract.png\" class=\"attachment-large size-large wp-image-430\" alt=\"\" \/><\/div>\n\t\t<\/a>\n\t\t\t\t<div class=\"elementor-post__text\">\n\t\t\t\t<h3 class=\"elementor-post__title\">\n\t\t\t<a href=\"https:\/\/contract.md\/?p=348\" >\n\t\t\t\t5 greseli costisitoare de evitat la tranzac\u021biile imobiliare\t\t\t<\/a>\n\t\t<\/h3>\n\t\t\t\t<div class=\"elementor-post__excerpt\">\n\t\t\t<p>&#8220;Din gre\u0219eli \u00eenva\u021b\u0103 omul&#8221; este vorba care te poate ajuta s\u0103 evi\u021bi cheltuieli inutile, at\u00e2ta timp c\u00e2nd \u00eenve\u021bi din gre\u0219elile altora. Afl\u0103 din acest articol la ce trebuie s\u0103 atragi aten\u021bie.<\/p>\n\t\t<\/div>\n\t\t\n\t\t<a class=\"elementor-post__read-more\" href=\"https:\/\/contract.md\/?p=348\" aria-label=\"Read more about 5 greseli costisitoare de evitat la tranzac\u021biile imobiliare\" >\n\t\t\tCite\u0219te articolul\u00bb\t\t<\/a>\n\n\t\t\t\t<\/div>\n\t\t\t\t<\/article>\n\t\t\t\t<\/div>\n\t\t\n\t\t\t\t\t\t<\/div>\n\t\t\t\t<\/div>\n\t\t\t\t\t<\/div>\n\t\t<\/div>\n\t\t\t\t\t<\/div>\n\t\t<\/section>\n\t\t\t\t<\/div>\n\t\t","protected":false},"excerpt":{"rendered":"<p>Acest site este o surs\u0103 impresionant\u0103 de informa\u021bii privind procurile. Cu o colec\u021bie vast\u0103 \u0219i divers\u0103 de articole, documente \u0219i ghiduri, acesta este un portal complet dedicat acestui subiect deosebit de important \u00een lumea juridic\u0103. <\/p>\n","protected":false},"author":1,"featured_media":0,"parent":0,"menu_order":0,"comment_status":"closed","ping_status":"closed","template":"elementor_header_footer","meta":{"footnotes":""},"class_list":["post-29","page","type-page","status-publish","hentry"],"_hostinger_reach_plugin_has_subscription_block":false,"_hostinger_reach_plugin_is_elementor":false,"_links":{"self":[{"href":"https:\/\/contract.md\/index.php?rest_route=\/wp\/v2\/pages\/29","targetHints":{"allow":["GET"]}}],"collection":[{"href":"https:\/\/contract.md\/index.php?rest_route=\/wp\/v2\/pages"}],"about":[{"href":"https:\/\/contract.md\/index.php?rest_route=\/wp\/v2\/types\/page"}],"author":[{"embeddable":true,"href":"https:\/\/contract.md\/index.php?rest_route=\/wp\/v2\/users\/1"}],"replies":[{"embeddable":true,"href":"https:\/\/contract.md\/index.php?rest_route=%2Fwp%2Fv2%2Fcomments&post=29"}],"version-history":[{"count":83,"href":"https:\/\/contract.md\/index.php?rest_route=\/wp\/v2\/pages\/29\/revisions"}],"predecessor-version":[{"id":423,"href":"https:\/\/contract.md\/index.php?rest_route=\/wp\/v2\/pages\/29\/revisions\/423"}],"wp:attachment":[{"href":"https:\/\/contract.md\/index.php?rest_route=%2Fwp%2Fv2%2Fmedia&parent=29"}],"curies":[{"name":"wp","href":"https:\/\/api.w.org\/{rel}","templated":true}]}}